{"id":16,"date":"2023-03-01T13:35:31","date_gmt":"2023-03-01T12:35:31","guid":{"rendered":"http:\/\/nowadomena.pl\/?page_id=16"},"modified":"2023-03-01T19:26:43","modified_gmt":"2023-03-01T18:26:43","slug":"contact","status":"publish","type":"page","link":"https:\/\/warsztatwiedzy.pl\/index.php\/contact\/","title":{"rendered":"Kontakt z nami"},"content":{"rendered":"\t\t<div data-elementor-type=\"wp-page\" data-elementor-id=\"16\" class=\"elementor elementor-16\">\n\t\t\t\t\t\t\t\t\t<section class=\"elementor-section elementor-top-section elementor-element elementor-element-3b96504 elementor-section-boxed elementor-section-height-default elementor-section-height-default exad-glass-effect-no wpr-particle-no wpr-jarallax-no wpr-parallax-no wpr-sticky-section-no exad-sticky-section-no\" data-id=\"3b96504\" data-element_type=\"section\" data-settings=\"{&quot;_ha_eqh_enable&quot;:false}\">\n\t\t\t\t\t\t<div class=\"elementor-container elementor-column-gap-default\">\n\t\t\t\t\t<div class=\"elementor-column elementor-col-100 elementor-top-column elementor-element elementor-element-3d49c72 exad-glass-effect-no exad-sticky-section-no\" data-id=\"3d49c72\" data-element_type=\"column\">\n\t\t\t<div class=\"elementor-widget-wrap\">\n\t\t\t\t\t\t\t\t\t<\/div>\n\t\t<\/div>\n\t\t\t\t\t\t\t<\/div>\n\t\t<\/section>\n\t\t\t\t<section class=\"elementor-section elementor-top-section elementor-element elementor-element-f88d206 elementor-section-boxed elementor-section-height-default elementor-section-height-default exad-glass-effect-no wpr-particle-no wpr-jarallax-no wpr-parallax-no wpr-sticky-section-no exad-sticky-section-no\" data-id=\"f88d206\" data-element_type=\"section\" data-settings=\"{&quot;_ha_eqh_enable&quot;:false}\">\n\t\t\t\t\t\t<div class=\"elementor-container elementor-column-gap-default\">\n\t\t\t\t\t<div class=\"elementor-column elementor-col-100 elementor-top-column elementor-element elementor-element-d097b0c exad-glass-effect-no exad-sticky-section-no\" data-id=\"d097b0c\" data-element_type=\"column\">\n\t\t\t<div class=\"elementor-widget-wrap elementor-element-populated\">\n\t\t\t\t\t\t\t\t<div class=\"elementor-element elementor-element-e263f94 content-align-cta-center exad-sticky-section-no exad-glass-effect-no elementor-widget elementor-widget-eael-cta-box\" data-id=\"e263f94\" data-element_type=\"widget\" data-widget_type=\"eael-cta-box.default\">\n\t\t\t\t<div class=\"elementor-widget-container\">\n\t\t\t\t\t<div class=\"eael-call-to-action cta-basic bg-lite cta-preset-2\">\n        <h2 class=\"title\">ZOSTA\u0143 WOLONTARIUSZEM!<\/h2><p><p>Je\u015bli chcesz pom\u00f3c przy projektach Fundacji Warsztat Wiedzy - zg\u0142o\u015b si\u0119 do bazy wolontariuszy! Gwarantujemy fantastyczn\u0105 atmosfer\u0119 oraz mo\u017cliwo\u015b\u0107 rozwijania swoich pasji i umiej\u0119tno\u015bci! Pami\u0119taj - POMAGANIE JEST PASJ\u0104!<\/p><\/p><a href=\"mailto:kontakt@transmitujemylive.pl\" class=\"cta-button cta-btn-preset-1 \">Wy\u015blij swoje zg\u0142oszenie ju\u017c teraz!<\/a>\t<\/div>\n\t\t\t\t\t\t<\/div>\n\t\t\t\t<\/div>\n\t\t\t\t\t<\/div>\n\t\t<\/div>\n\t\t\t\t\t\t\t<\/div>\n\t\t<\/section>\n\t\t\t\t\t\t\t<\/div>\n\t\t","protected":false},"excerpt":{"rendered":"<p>ZOSTA\u0143 WOLONTARIUSZEM! Je\u015bli chcesz pom\u00f3c przy projektach Fundacji Warsztat Wiedzy &#8211; zg\u0142o\u015b si\u0119 do bazy wolontariuszy! Gwarantujemy fantastyczn\u0105 atmosfer\u0119 oraz mo\u017cliwo\u015b\u0107 rozwijania swoich pasji i umiej\u0119tno\u015bci! Pami\u0119taj &#8211; POMAGANIE JEST PASJ\u0104! Wy\u015blij swoje zg\u0142oszenie ju\u017c teraz!<\/p>\n","protected":false},"author":4,"featured_media":0,"parent":0,"menu_order":0,"comment_status":"closed","ping_status":"closed","template":"","meta":{"neve_meta_sidebar":"","neve_meta_container":"","neve_meta_enable_content_width":"on","neve_meta_content_width":100,"neve_meta_title_alignment":"","neve_meta_author_avatar":"","neve_post_elements_order":"","neve_meta_disable_header":"","neve_meta_disable_footer":"","neve_meta_disable_title":"on","footnotes":""},"class_list":["post-16","page","type-page","status-publish","hentry"],"_links":{"self":[{"href":"https:\/\/warsztatwiedzy.pl\/index.php\/wp-json\/wp\/v2\/pages\/16","targetHints":{"allow":["GET"]}}],"collection":[{"href":"https:\/\/warsztatwiedzy.pl\/index.php\/wp-json\/wp\/v2\/pages"}],"about":[{"href":"https:\/\/warsztatwiedzy.pl\/index.php\/wp-json\/wp\/v2\/types\/page"}],"author":[{"embeddable":true,"href":"https:\/\/warsztatwiedzy.pl\/index.php\/wp-json\/wp\/v2\/users\/4"}],"replies":[{"embeddable":true,"href":"https:\/\/warsztatwiedzy.pl\/index.php\/wp-json\/wp\/v2\/comments?post=16"}],"version-history":[{"count":8,"href":"https:\/\/warsztatwiedzy.pl\/index.php\/wp-json\/wp\/v2\/pages\/16\/revisions"}],"predecessor-version":[{"id":249,"href":"https:\/\/warsztatwiedzy.pl\/index.php\/wp-json\/wp\/v2\/pages\/16\/revisions\/249"}],"wp:attachment":[{"href":"https:\/\/warsztatwiedzy.pl\/index.php\/wp-json\/wp\/v2\/media?parent=16"}],"curies":[{"name":"wp","href":"https:\/\/api.w.org\/{rel}","templated":true}]}}