{"id":15,"date":"2023-03-01T13:35:30","date_gmt":"2023-03-01T12:35:30","guid":{"rendered":"http:\/\/nowadomena.pl\/?page_id=15"},"modified":"2025-02-25T13:36:40","modified_gmt":"2025-02-25T12:36:40","slug":"informacje","status":"publish","type":"page","link":"https:\/\/warsztatwiedzy.pl\/index.php\/informacje\/","title":{"rendered":"O nas"},"content":{"rendered":"\t\t<div data-elementor-type=\"wp-page\" data-elementor-id=\"15\" class=\"elementor elementor-15\">\n\t\t\t\t\t\t\t\t\t<section class=\"elementor-section elementor-top-section elementor-element elementor-element-c901c53 elementor-section-boxed elementor-section-height-default elementor-section-height-default exad-glass-effect-no wpr-particle-no wpr-jarallax-no wpr-parallax-no wpr-sticky-section-no exad-sticky-section-no\" data-id=\"c901c53\" data-element_type=\"section\" data-settings=\"{&quot;_ha_eqh_enable&quot;:false}\">\n\t\t\t\t\t\t<div class=\"elementor-container elementor-column-gap-default\">\n\t\t\t\t\t<div class=\"elementor-column elementor-col-100 elementor-top-column elementor-element elementor-element-9e6f96e exad-glass-effect-no exad-sticky-section-no\" data-id=\"9e6f96e\" data-element_type=\"column\">\n\t\t\t<div class=\"elementor-widget-wrap elementor-element-populated\">\n\t\t\t\t\t\t\t\t<div class=\"elementor-element elementor-element-785f6b5 exad-sticky-section-no exad-glass-effect-no elementor-widget elementor-widget-heading\" data-id=\"785f6b5\" data-element_type=\"widget\" data-widget_type=\"heading.default\">\n\t\t\t\t<div class=\"elementor-widget-container\">\n\t\t\t<style>\/*! elementor - v3.11.2 - 22-02-2023 *\/\n.elementor-heading-title{padding:0;margin:0;line-height:1}.elementor-widget-heading .elementor-heading-title[class*=elementor-size-]>a{color:inherit;font-size:inherit;line-height:inherit}.elementor-widget-heading .elementor-heading-title.elementor-size-small{font-size:15px}.elementor-widget-heading .elementor-heading-title.elementor-size-medium{font-size:19px}.elementor-widget-heading .elementor-heading-title.elementor-size-large{font-size:29px}.elementor-widget-heading .elementor-heading-title.elementor-size-xl{font-size:39px}.elementor-widget-heading .elementor-heading-title.elementor-size-xxl{font-size:59px}<\/style><h2 class=\"elementor-heading-title elementor-size-default\">Kim jeste\u015bmy?<\/h2>\t\t<\/div>\n\t\t\t\t<\/div>\n\t\t\t\t\t<\/div>\n\t\t<\/div>\n\t\t\t\t\t\t\t<\/div>\n\t\t<\/section>\n\t\t\t\t<section class=\"elementor-section elementor-top-section elementor-element elementor-element-7029906 elementor-section-boxed elementor-section-height-default elementor-section-height-default exad-glass-effect-no wpr-particle-no wpr-jarallax-no wpr-parallax-no wpr-sticky-section-no exad-sticky-section-no\" data-id=\"7029906\" data-element_type=\"section\" data-settings=\"{&quot;_ha_eqh_enable&quot;:false}\">\n\t\t\t\t\t\t<div class=\"elementor-container elementor-column-gap-default\">\n\t\t\t\t\t<div class=\"elementor-column elementor-col-100 elementor-top-column elementor-element elementor-element-d81d2f3 exad-glass-effect-no exad-sticky-section-no\" data-id=\"d81d2f3\" data-element_type=\"column\">\n\t\t\t<div class=\"elementor-widget-wrap elementor-element-populated\">\n\t\t\t\t\t\t\t\t<div class=\"elementor-element elementor-element-4e10d46 exad-sticky-section-no exad-glass-effect-no elementor-widget elementor-widget-text-editor\" data-id=\"4e10d46\" data-element_type=\"widget\" data-widget_type=\"text-editor.default\">\n\t\t\t\t<div class=\"elementor-widget-container\">\n\t\t\t<style>\/*! elementor - v3.11.2 - 22-02-2023 *\/\n.elementor-widget-text-editor.elementor-drop-cap-view-stacked .elementor-drop-cap{background-color:#818a91;color:#fff}.elementor-widget-text-editor.elementor-drop-cap-view-framed .elementor-drop-cap{color:#818a91;border:3px solid;background-color:transparent}.elementor-widget-text-editor:not(.elementor-drop-cap-view-default) .elementor-drop-cap{margin-top:8px}.elementor-widget-text-editor:not(.elementor-drop-cap-view-default) .elementor-drop-cap-letter{width:1em;height:1em}.elementor-widget-text-editor .elementor-drop-cap{float:left;text-align:center;line-height:1;font-size:50px}.elementor-widget-text-editor .elementor-drop-cap-letter{display:inline-block}<\/style>\t\t\t\t<p>Fundacja &#8220;Warsztat Wiedzy&#8221; to organizacja non profit dzia\u0142aj\u0105ca w obszarze po\u017cytku publicznego.<\/p><p>Misj\u0105 fundacji jest szeroko zakrojona pomoc i wsparcie sektora edukacji w\u015br\u00f3d r\u00f3\u017cnych grup spo\u0142ecznych a tak\u017ce opracowywanie i realizacja program\u00f3w pomocowych dla os\u00f3b potrzebuj\u0105cych.<\/p><p>Fundacja prowadzi program aktywizacji organizacji pozarz\u0105dowych poprzez dzia\u0142alno\u015b\u0107 Centrum Organizacji Pozarz\u0105dowych &#8220;Orze\u0142&#8221; a tak\u017ce Centrum Inicjatyw Spo\u0142ecznych, dzi\u0119ki kt\u00f3remu indywidualne osoby &#8211; nie zrzeszone do tej pory w III sektorze tworz\u0105 nowe lokalne spo\u0142eczno\u015bci.<\/p><p>Fundacja &#8220;Warsztat Wiedzy&#8221; chc\u0105c promowa\u0107 ide\u0119 wolontariatu stworzy\u0142a autorski projekt &#8220;Warsztat Wolontariatu&#8221;, dzi\u0119ki kt\u00f3remu udowadniamy, \u017ce bezinteresowna pomoc jest inwestycj\u0105, kt\u00f3ra przynosi wymierne korzy\u015bci dla wolontariuszy!<\/p>\t\t\t\t\t\t<\/div>\n\t\t\t\t<\/div>\n\t\t\t\t\t<\/div>\n\t\t<\/div>\n\t\t\t\t\t\t\t<\/div>\n\t\t<\/section>\n\t\t\t\t<section class=\"elementor-section elementor-top-section elementor-element elementor-element-26934ee elementor-section-boxed elementor-section-height-default elementor-section-height-default exad-glass-effect-no wpr-particle-no wpr-jarallax-no wpr-parallax-no wpr-sticky-section-no exad-sticky-section-no\" data-id=\"26934ee\" data-element_type=\"section\" data-settings=\"{&quot;_ha_eqh_enable&quot;:false}\">\n\t\t\t\t\t\t<div class=\"elementor-container elementor-column-gap-default\">\n\t\t\t\t\t<div class=\"elementor-column elementor-col-100 elementor-top-column elementor-element elementor-element-59d9ec4 exad-glass-effect-no exad-sticky-section-no\" data-id=\"59d9ec4\" data-element_type=\"column\">\n\t\t\t<div class=\"elementor-widget-wrap elementor-element-populated\">\n\t\t\t\t\t\t\t\t<div class=\"elementor-element elementor-element-a8621fe exad-sticky-section-no exad-glass-effect-no elementor-widget elementor-widget-heading\" data-id=\"a8621fe\" data-element_type=\"widget\" data-widget_type=\"heading.default\">\n\t\t\t\t<div class=\"elementor-widget-container\">\n\t\t\t<h2 class=\"elementor-heading-title elementor-size-default\">Nasze g\u0142\u00f3wne obszary dzia\u0142alno\u015bci:<\/h2>\t\t<\/div>\n\t\t\t\t<\/div>\n\t\t\t\t\t<\/div>\n\t\t<\/div>\n\t\t\t\t\t\t\t<\/div>\n\t\t<\/section>\n\t\t\t\t<section class=\"elementor-section elementor-top-section elementor-element elementor-element-53a7e4d elementor-section-boxed elementor-section-height-default elementor-section-height-default exad-glass-effect-no wpr-particle-no wpr-jarallax-no wpr-parallax-no wpr-sticky-section-no exad-sticky-section-no\" data-id=\"53a7e4d\" data-element_type=\"section\" data-settings=\"{&quot;_ha_eqh_enable&quot;:false}\">\n\t\t\t\t\t\t<div class=\"elementor-container elementor-column-gap-default\">\n\t\t\t\t\t<div class=\"elementor-column elementor-col-100 elementor-top-column elementor-element elementor-element-ce22e36 exad-glass-effect-no exad-sticky-section-no\" data-id=\"ce22e36\" data-element_type=\"column\">\n\t\t\t<div class=\"elementor-widget-wrap elementor-element-populated\">\n\t\t\t\t\t\t\t\t<div class=\"elementor-element elementor-element-95efd29 wpr-feature-list-left wpr-feature-list-square wpr-feature-list-line-yes exad-sticky-section-no exad-glass-effect-no elementor-widget elementor-widget-wpr-feature-list\" data-id=\"95efd29\" data-element_type=\"widget\" data-widget_type=\"wpr-feature-list.default\">\n\t\t\t\t<div class=\"elementor-widget-container\">\n\t\t\t<div class=\"wpr-feature-list-wrap\"><ul class=\"wpr-feature-list\"><li class=\"wpr-feature-list-item elementor-repeater-item-706ea5c\"><div class=\"wpr-feature-list-icon-wrap\"><span class=\"wpr-feature-list-line\"><\/span><div class=\"wpr-feature-list-icon-inner-wrap\"><i aria-hidden=\"true\" class=\"fas fa-graduation-cap\"><\/i><\/div><\/div><div class=\"wpr-feature-list-content-wrap\"><h2 class=\"wpr-feature-list-title\"><a class=\"wpr-feature-list-url\" target=\"_blank\" rel=\"nofollow\">POMOC W ZAKRESIE EDUKACJI DZIECI I M\u0141ODZIE\u017bY<\/a><\/h2><p class=\"wpr-feature-list-description\">Fundacja k\u0142adzie du\u017cy nacisk na wszelkiego rodzaju dzia\u0142ania edukacyjne, pocz\u0105wszy od edukacji wczesnoszkolnej, podstawowej, na poziomie licealnym, poprzez edukowanie m\u0142odzie\u017cy z u\u017cyciem metod edukacji pozaformalnej, sko\u0144czywszy na edukacji senior\u00f3w w zakresie bezpiecze\u0144stwa spo\u0142ecznego i cyfrowego, finans\u00f3w, ekonomii spo\u0142ecznej itp.<\/p><\/div><\/li><li class=\"wpr-feature-list-item elementor-repeater-item-22bb6af\"><div class=\"wpr-feature-list-icon-wrap\"><span class=\"wpr-feature-list-line\"><\/span><div class=\"wpr-feature-list-icon-inner-wrap\"><i aria-hidden=\"true\" class=\"far fa-handshake\"><\/i><\/div><\/div><div class=\"wpr-feature-list-content-wrap\"><h2 class=\"wpr-feature-list-title\"><a class=\"wpr-feature-list-url\" target=\"_blank\" rel=\"nofollow\">WALKA Z WYKLUCZENIAMI OS\u00d3B STARSZYCH<\/a><\/h2><p class=\"wpr-feature-list-description\">Wykluczenie spo\u0142eczne i cyfrowe os\u00f3b po 60 roku \u017cycia staje si\u0119 zjawiskiem coraz bardziej powszechnym. Nasze dzia\u0142ania skupiamy na pomocy osobom starszym i seniorom pozby\u0107 si\u0119 uczucia wykluczenia - edukujemy, szkolimy, ostrzegamy! Pomagamy w nauce obs\u0142ugi urz\u0105dze\u0144 codziennego u\u017cytku, kt\u00f3re staj\u0105 si\u0119 coraz nowocze\u015bniejsze i coraz mniej przyjazne seniorom jak smartfony, komputery. U\u0142atwiamy osobom starszym korzystanie z Internetu. Edukujemy w zakresie finansowym, ekonomicznym. Ostrzegamy przed oszustami, naci\u0105gaczami. Pokazujemy i informujemy jak czyta\u0107 umowy, jak nie da\u0107 si\u0119 okra\u015b\u0107, jak poradzi\u0107 sobie w coraz trudniejszym dla senior\u00f3w \u017cyciu codziennym.<\/p><\/div><\/li><li class=\"wpr-feature-list-item elementor-repeater-item-fd70a77\"><div class=\"wpr-feature-list-icon-wrap\"><span class=\"wpr-feature-list-line\"><\/span><div class=\"wpr-feature-list-icon-inner-wrap\"><i aria-hidden=\"true\" class=\"fas fa-paint-brush\"><\/i><\/div><\/div><div class=\"wpr-feature-list-content-wrap\"><h2 class=\"wpr-feature-list-title\"><a class=\"wpr-feature-list-url\" target=\"_blank\" rel=\"nofollow\">WOLONTARIAT M\u0141ODZIE\u017bOWY I SENIORALNY<\/a><\/h2><p class=\"wpr-feature-list-description\">Przez projekt WARSZTAT WOLONTARIATU skutecznie udowadniamy, \u017ce wolontariat to nie bezp\u0142atne wykorzystywanie os\u00f3b do pracy - wolontariat to przede wszystkim pomoc DRUGIEMU CZ\u0141OWIEKOWI poprzez aktywne uczestnictwo w dzia\u0142aniach organizacji wspieraj\u0105cej jak fundacje czy stowarzyszenia! Pokazujemy, \u017ce POMAGANIE JEST PASJ\u0104!<\/p><\/div><\/li><li class=\"wpr-feature-list-item elementor-repeater-item-d76b308\"><div class=\"wpr-feature-list-icon-wrap\"><span class=\"wpr-feature-list-line\"><\/span><div class=\"wpr-feature-list-icon-inner-wrap\"><i aria-hidden=\"true\" class=\"fas fa-coins\"><\/i><\/div><\/div><div class=\"wpr-feature-list-content-wrap\"><h2 class=\"wpr-feature-list-title\"><a class=\"wpr-feature-list-url\" target=\"_blank\" rel=\"nofollow\">POMOC FINANSOWA I MATERIALNA<\/a><\/h2><p class=\"wpr-feature-list-description\">Dzia\u0142ania Fundacji skupiaj\u0105 si\u0119 tak\u017ce na organizowaniu i przekazywaniu pomocy finansowej i materialnej dla potrzebuj\u0105cych. Wspieramy naszych podopiecznych oraz potrzebuj\u0105cych, kt\u00f3rzy zg\u0142aszaj\u0105 si\u0119 do nas - przekazujemy opa\u0142, komputery, produkty \u017cywno\u015bciowe, \u015brodki medyczne i dezynfekcyjne, wyposa\u017cenie rehabilitacyjne i wiele wiele innych rzeczy, a tak\u017ce finansujemy wsparcie edukacyjne, kursy, szkolenia specjalistyczne oraz reagujemy na bie\u017c\u0105co w formie pomocy indywidualnej. <\/p><\/div><\/li><li class=\"wpr-feature-list-item elementor-repeater-item-1b02261\"><div class=\"wpr-feature-list-icon-wrap\"><span class=\"wpr-feature-list-line\"><\/span><div class=\"wpr-feature-list-icon-inner-wrap\"><i aria-hidden=\"true\" class=\"hm hm-football\"><\/i><\/div><\/div><div class=\"wpr-feature-list-content-wrap\"><h2 class=\"wpr-feature-list-title\"><a class=\"wpr-feature-list-url\" target=\"_blank\" rel=\"nofollow\">REGIONALNY DZIE\u0143 SPORTU<\/a><\/h2><p class=\"wpr-feature-list-description\">Fundacja cyklicznie organizuje imprezy i wydarzenia o charakterze sportowym - zorganizowali\u015bmy 3 edycje Regionalnego Dnia Sportu. Podczas wydarzenia odbywa\u0142y si\u0119 turnieje pi\u0142karskie dzieci i m\u0142odzie\u017cy w randze wojew\u00f3dzkiej, pokazy i rozmaite atrakcje dla dzieci, m\u0142odzie\u017cy i os\u00f3b starszych. <\/p><\/div><\/li><\/ul><\/div>\t\t<\/div>\n\t\t\t\t<\/div>\n\t\t\t\t\t<\/div>\n\t\t<\/div>\n\t\t\t\t\t\t\t<\/div>\n\t\t<\/section>\n\t\t\t\t\t\t\t<\/div>\n\t\t","protected":false},"excerpt":{"rendered":"<p>Kim jeste\u015bmy? Fundacja &#8220;Warsztat Wiedzy&#8221; to organizacja non profit dzia\u0142aj\u0105ca w obszarze po\u017cytku publicznego. Misj\u0105 fundacji jest szeroko zakrojona pomoc i wsparcie sektora edukacji w\u015br\u00f3d r\u00f3\u017cnych grup spo\u0142ecznych a tak\u017ce opracowywanie i realizacja program\u00f3w pomocowych dla os\u00f3b potrzebuj\u0105cych. Fundacja prowadzi program aktywizacji organizacji pozarz\u0105dowych poprzez dzia\u0142alno\u015b\u0107 Centrum Organizacji Pozarz\u0105dowych &#8220;Orze\u0142&#8221; a tak\u017ce Centrum Inicjatyw Spo\u0142ecznych,&hellip;&nbsp;<a href=\"https:\/\/warsztatwiedzy.pl\/index.php\/informacje\/\" class=\"\" rel=\"bookmark\">Czytaj dalej &raquo;<span class=\"screen-reader-text\">O nas<\/span><\/a><\/p>\n","protected":false},"author":4,"featured_media":0,"parent":0,"menu_order":0,"comment_status":"closed","ping_status":"closed","template":"page-templates\/template-pagebuilder-full-width.php","meta":{"neve_meta_sidebar":"","neve_meta_container":"","neve_meta_enable_content_width":"on","neve_meta_content_width":100,"neve_meta_title_alignment":"","neve_meta_author_avatar":"","neve_post_elements_order":"","neve_meta_disable_header":"","neve_meta_disable_footer":"","neve_meta_disable_title":"on","footnotes":""},"class_list":["post-15","page","type-page","status-publish","hentry"],"_links":{"self":[{"href":"https:\/\/warsztatwiedzy.pl\/index.php\/wp-json\/wp\/v2\/pages\/15","targetHints":{"allow":["GET"]}}],"collection":[{"href":"https:\/\/warsztatwiedzy.pl\/index.php\/wp-json\/wp\/v2\/pages"}],"about":[{"href":"https:\/\/warsztatwiedzy.pl\/index.php\/wp-json\/wp\/v2\/types\/page"}],"author":[{"embeddable":true,"href":"https:\/\/warsztatwiedzy.pl\/index.php\/wp-json\/wp\/v2\/users\/4"}],"replies":[{"embeddable":true,"href":"https:\/\/warsztatwiedzy.pl\/index.php\/wp-json\/wp\/v2\/comments?post=15"}],"version-history":[{"count":20,"href":"https:\/\/warsztatwiedzy.pl\/index.php\/wp-json\/wp\/v2\/pages\/15\/revisions"}],"predecessor-version":[{"id":292,"href":"https:\/\/warsztatwiedzy.pl\/index.php\/wp-json\/wp\/v2\/pages\/15\/revisions\/292"}],"wp:attachment":[{"href":"https:\/\/warsztatwiedzy.pl\/index.php\/wp-json\/wp\/v2\/media?parent=15"}],"curies":[{"name":"wp","href":"https:\/\/api.w.org\/{rel}","templated":true}]}}