{"id":14,"date":"2023-03-01T13:35:30","date_gmt":"2023-03-01T12:35:30","guid":{"rendered":"http:\/\/nowadomena.pl\/?page_id=14"},"modified":"2023-04-07T15:01:39","modified_gmt":"2023-04-07T13:01:39","slug":"strona-glowna","status":"publish","type":"page","link":"https:\/\/warsztatwiedzy.pl\/","title":{"rendered":"Strona g\u0142\u00f3wna"},"content":{"rendered":"\t\t<div data-elementor-type=\"wp-page\" data-elementor-id=\"14\" class=\"elementor elementor-14\">\n\t\t\t\t\t\t\t\t\t<section class=\"elementor-section elementor-top-section elementor-element elementor-element-25c5411 elementor-section-boxed elementor-section-height-default elementor-section-height-default exad-glass-effect-no wpr-particle-no wpr-jarallax-no wpr-parallax-no wpr-sticky-section-no exad-sticky-section-no\" data-id=\"25c5411\" data-element_type=\"section\" data-settings=\"{&quot;_ha_eqh_enable&quot;:false}\">\n\t\t\t\t\t\t<div class=\"elementor-container elementor-column-gap-default\">\n\t\t\t\t\t<div class=\"elementor-column elementor-col-100 elementor-top-column elementor-element elementor-element-3739948 exad-glass-effect-no exad-sticky-section-no\" data-id=\"3739948\" data-element_type=\"column\">\n\t\t\t<div class=\"elementor-widget-wrap elementor-element-populated\">\n\t\t\t\t\t\t\t\t<div class=\"elementor-element elementor-element-90c88fa exad-sticky-section-no exad-glass-effect-no elementor-widget elementor-widget-exad-animated-text\" data-id=\"90c88fa\" data-element_type=\"widget\" data-widget_type=\"exad-animated-text.default\">\n\t\t\t\t<div class=\"elementor-widget-container\">\n\t\t\t\n\t\t<div class=\"exad-animated-text exad-animated-text-align-center\">\n\n\t\t\t\n\t\t\t<h1 class=\"exad-typed-strings\" data-type_string=\"[&quot;MODNE&quot;,&quot; FAJNE&quot;,&quot; POZYTYWNE&quot;,&quot; WA\\u017bNE&quot;,&quot; BEZINTERESOWNE&quot;,&quot; COOL&quot;,&quot; ZABAWNE&quot;,&quot; NA CZASIE&quot;,&quot; RELAKSUJ\\u0104CE&quot;,&quot; P A S J \\u0104 ! ! !&quot;]\" data-heading_animation=\"exad-typed-animation\" data-type_speed=\"200\" data-back_type_speed=\"60\" data-loop=\"yes\" data-show_cursor=\"yes\" data-fade_out=\"yes\" data-smart_backspace=\"yes\" data-start_delay=\"1054\" data-back_delay=\"1000\">\n\n\t\t\t\t<span class=\"exad-animated-text-pre-heading\">POMAGANIE JEST<\/span><span id=\"exad-animated-text-151\" class=\"exad-animated-text-animated-heading\"><\/span>\n\t\t\t<\/h1>\n\n\t\t\t\n\t\t<\/div>\n\t\t\t<\/div>\n\t\t\t\t<\/div>\n\t\t\t\t\t<\/div>\n\t\t<\/div>\n\t\t\t\t\t\t\t<\/div>\n\t\t<\/section>\n\t\t\t\t<section class=\"elementor-section elementor-top-section elementor-element elementor-element-e70eb3b elementor-section-content-middle elementor-section-boxed elementor-section-height-default elementor-section-height-default exad-glass-effect-no wpr-particle-no wpr-jarallax-no wpr-parallax-no wpr-sticky-section-no exad-sticky-section-no\" data-id=\"e70eb3b\" data-element_type=\"section\" data-settings=\"{&quot;_ha_eqh_enable&quot;:false}\">\n\t\t\t\t\t\t<div class=\"elementor-container elementor-column-gap-default\">\n\t\t\t\t\t<div class=\"elementor-column elementor-col-50 elementor-top-column elementor-element elementor-element-b5beaa7 exad-glass-effect-no exad-sticky-section-no\" data-id=\"b5beaa7\" data-element_type=\"column\">\n\t\t\t<div class=\"elementor-widget-wrap elementor-element-populated\">\n\t\t\t\t\t\t\t\t<div class=\"elementor-element elementor-element-abc5e16 exad-sticky-section-no exad-glass-effect-no elementor-widget elementor-widget-image\" data-id=\"abc5e16\" data-element_type=\"widget\" data-widget_type=\"image.default\">\n\t\t\t\t<div class=\"elementor-widget-container\">\n\t\t\t<style>\/*! elementor - v3.11.2 - 22-02-2023 *\/\n.elementor-widget-image{text-align:center}.elementor-widget-image a{display:inline-block}.elementor-widget-image a img[src$=\".svg\"]{width:48px}.elementor-widget-image img{vertical-align:middle;display:inline-block}<\/style>\t\t\t\t\t\t\t\t\t\t\t\t<img loading=\"lazy\" decoding=\"async\" width=\"1024\" height=\"749\" src=\"https:\/\/warsztatwiedzy.pl\/wp-content\/uploads\/2023\/03\/Dollarphotoclub_97852250-1024x749.jpg\" class=\"attachment-large size-large wp-image-159\" alt=\"\" srcset=\"https:\/\/warsztatwiedzy.pl\/wp-content\/uploads\/2023\/03\/Dollarphotoclub_97852250-1024x749.jpg 1024w, https:\/\/warsztatwiedzy.pl\/wp-content\/uploads\/2023\/03\/Dollarphotoclub_97852250-300x219.jpg 300w, https:\/\/warsztatwiedzy.pl\/wp-content\/uploads\/2023\/03\/Dollarphotoclub_97852250-768x561.jpg 768w, https:\/\/warsztatwiedzy.pl\/wp-content\/uploads\/2023\/03\/Dollarphotoclub_97852250-1536x1123.jpg 1536w, https:\/\/warsztatwiedzy.pl\/wp-content\/uploads\/2023\/03\/Dollarphotoclub_97852250-2048x1497.jpg 2048w\" sizes=\"auto, (max-width: 1024px) 100vw, 1024px\" \/>\t\t\t\t\t\t\t\t\t\t\t\t\t\t\t<\/div>\n\t\t\t\t<\/div>\n\t\t\t\t<div class=\"elementor-element elementor-element-21e41d8 exad-sticky-section-no exad-glass-effect-no elementor-widget elementor-widget-image\" data-id=\"21e41d8\" data-element_type=\"widget\" data-widget_type=\"image.default\">\n\t\t\t\t<div class=\"elementor-widget-container\">\n\t\t\t\t\t\t\t\t\t\t\t\t\t\t\t<img loading=\"lazy\" decoding=\"async\" width=\"1024\" height=\"682\" src=\"https:\/\/warsztatwiedzy.pl\/wp-content\/uploads\/2023\/03\/hands-friendship-friends-2847508-1024x682.jpg\" class=\"attachment-large size-large wp-image-112\" alt=\"hands, friendship, friends-2847508.jpg\" srcset=\"https:\/\/warsztatwiedzy.pl\/wp-content\/uploads\/2023\/03\/hands-friendship-friends-2847508-1024x682.jpg 1024w, https:\/\/warsztatwiedzy.pl\/wp-content\/uploads\/2023\/03\/hands-friendship-friends-2847508-300x200.jpg 300w, https:\/\/warsztatwiedzy.pl\/wp-content\/uploads\/2023\/03\/hands-friendship-friends-2847508-768x512.jpg 768w, https:\/\/warsztatwiedzy.pl\/wp-content\/uploads\/2023\/03\/hands-friendship-friends-2847508-930x620.jpg 930w, https:\/\/warsztatwiedzy.pl\/wp-content\/uploads\/2023\/03\/hands-friendship-friends-2847508.jpg 1280w\" sizes=\"auto, (max-width: 1024px) 100vw, 1024px\" \/>\t\t\t\t\t\t\t\t\t\t\t\t\t\t\t<\/div>\n\t\t\t\t<\/div>\n\t\t\t\t\t<\/div>\n\t\t<\/div>\n\t\t\t\t<div class=\"elementor-column elementor-col-50 elementor-top-column elementor-element elementor-element-5fc82bf exad-glass-effect-no exad-sticky-section-no\" data-id=\"5fc82bf\" data-element_type=\"column\">\n\t\t\t<div class=\"elementor-widget-wrap elementor-element-populated\">\n\t\t\t\t\t\t\t\t<div class=\"elementor-element elementor-element-3ecd1f0 exad-sticky-section-no exad-glass-effect-no elementor-widget elementor-widget-text-editor\" data-id=\"3ecd1f0\" data-element_type=\"widget\" data-widget_type=\"text-editor.default\">\n\t\t\t\t<div class=\"elementor-widget-container\">\n\t\t\t<style>\/*! elementor - v3.11.2 - 22-02-2023 *\/\n.elementor-widget-text-editor.elementor-drop-cap-view-stacked .elementor-drop-cap{background-color:#818a91;color:#fff}.elementor-widget-text-editor.elementor-drop-cap-view-framed .elementor-drop-cap{color:#818a91;border:3px solid;background-color:transparent}.elementor-widget-text-editor:not(.elementor-drop-cap-view-default) .elementor-drop-cap{margin-top:8px}.elementor-widget-text-editor:not(.elementor-drop-cap-view-default) .elementor-drop-cap-letter{width:1em;height:1em}.elementor-widget-text-editor .elementor-drop-cap{float:left;text-align:center;line-height:1;font-size:50px}.elementor-widget-text-editor .elementor-drop-cap-letter{display:inline-block}<\/style>\t\t\t\t<p style=\"text-align: left;\"><span style=\"color: #000000;\">Fundacja &#8220;WARSZTAT WIEDZY&#8221; zosta\u0142a zarejestrowana w lipcu 2015 roku w rejestrze stowarzysze\u0144 KRS pod numerem 0000562166. <\/span><\/p><p style=\"text-align: left;\"><span style=\"color: #000000;\">G\u0142\u00f3wnym celem Fundacji jest pomoc dzieciom i m\u0142odzie\u017cy, wyr\u00f3wnywanie szans w dost\u0119pie do edukacji, wspieranie edukacji, nauki i kultury a tak\u017ce aktywizacja oraz walka z wykluczeniem spo\u0142ecznym i cyfrowym os\u00f3b starszych. <\/span><\/p><p style=\"text-align: left;\"><span style=\"color: #000000;\">Nasze dotychczasowe dzia\u0142ania oraz realizowane projekty skupiaj\u0105 si\u0119 w pe\u0142ni na realizacji cel\u00f3w statutowych Fundacji. <br \/><\/span><\/p><p style=\"text-align: left;\"><span style=\"color: #000000;\">Od pocz\u0105tku istnienia zrealizowali\u015bmy wiele cel\u00f3w i projekt\u00f3w, kt\u00f3re na sta\u0142e wpisa\u0142y si\u0119 w zakres zada\u0144 Fundacji jak np. projekt Warsztat Wolontariatu czy akcja Pomaganie jest Pasj\u0105!<br \/><\/span><\/p><p style=\"text-align: left;\"><span style=\"color: #000000;\">Dowiedz si\u0119 wi\u0119cej o naszych dzia\u0142aniach &#8211; zach\u0119camy do aktywnego wspierania projekt\u00f3w Fundacji &#8220;Warsztat Wiedzy&#8221;! <br \/><\/span><\/p>\t\t\t\t\t\t<\/div>\n\t\t\t\t<\/div>\n\t\t\t\t\t<\/div>\n\t\t<\/div>\n\t\t\t\t\t\t\t<\/div>\n\t\t<\/section>\n\t\t\t\t<section class=\"elementor-section elementor-top-section elementor-element elementor-element-57af41b elementor-section-boxed elementor-section-height-default elementor-section-height-default exad-glass-effect-no wpr-particle-no wpr-jarallax-no wpr-parallax-no wpr-sticky-section-no exad-sticky-section-no\" data-id=\"57af41b\" data-element_type=\"section\" data-settings=\"{&quot;_ha_eqh_enable&quot;:false}\">\n\t\t\t\t\t\t<div class=\"elementor-container elementor-column-gap-default\">\n\t\t\t\t\t<div class=\"elementor-column elementor-col-100 elementor-top-column elementor-element elementor-element-e3789b6 exad-glass-effect-no exad-sticky-section-no\" data-id=\"e3789b6\" data-element_type=\"column\">\n\t\t\t<div class=\"elementor-widget-wrap elementor-element-populated\">\n\t\t\t\t\t\t\t\t<div class=\"elementor-element elementor-element-9f36d6c exad-sticky-section-no exad-glass-effect-no elementor-widget elementor-widget-spacer\" data-id=\"9f36d6c\" data-element_type=\"widget\" data-widget_type=\"spacer.default\">\n\t\t\t\t<div class=\"elementor-widget-container\">\n\t\t\t<style>\/*! elementor - v3.11.2 - 22-02-2023 *\/\n.elementor-column .elementor-spacer-inner{height:var(--spacer-size)}.e-con{--container-widget-width:100%}.e-con-inner>.elementor-widget-spacer,.e-con>.elementor-widget-spacer{width:var(--container-widget-width,var(--spacer-size));--align-self:var(--container-widget-align-self,initial);--flex-shrink:0}.e-con-inner>.elementor-widget-spacer>.elementor-widget-container,.e-con-inner>.elementor-widget-spacer>.elementor-widget-container>.elementor-spacer,.e-con>.elementor-widget-spacer>.elementor-widget-container,.e-con>.elementor-widget-spacer>.elementor-widget-container>.elementor-spacer{height:100%}.e-con-inner>.elementor-widget-spacer>.elementor-widget-container>.elementor-spacer>.elementor-spacer-inner,.e-con>.elementor-widget-spacer>.elementor-widget-container>.elementor-spacer>.elementor-spacer-inner{height:var(--container-widget-height,var(--spacer-size))}<\/style>\t\t<div class=\"elementor-spacer\">\n\t\t\t<div class=\"elementor-spacer-inner\"><\/div>\n\t\t<\/div>\n\t\t\t\t<\/div>\n\t\t\t\t<\/div>\n\t\t\t\t\t<\/div>\n\t\t<\/div>\n\t\t\t\t\t\t\t<\/div>\n\t\t<\/section>\n\t\t\t\t<section class=\"elementor-section elementor-top-section elementor-element elementor-element-914d62b elementor-section-boxed elementor-section-height-default elementor-section-height-default exad-glass-effect-no wpr-particle-no wpr-jarallax-no wpr-parallax-no wpr-sticky-section-no exad-sticky-section-no\" data-id=\"914d62b\" data-element_type=\"section\" data-settings=\"{&quot;_ha_eqh_enable&quot;:false}\">\n\t\t\t\t\t\t<div class=\"elementor-container elementor-column-gap-default\">\n\t\t\t\t\t<div class=\"elementor-column elementor-col-100 elementor-top-column elementor-element elementor-element-c080b7b exad-glass-effect-no exad-sticky-section-no\" data-id=\"c080b7b\" data-element_type=\"column\">\n\t\t\t<div class=\"elementor-widget-wrap elementor-element-populated\">\n\t\t\t\t\t\t\t\t<div class=\"elementor-element elementor-element-7cc8686 content-align-cta-center exad-sticky-section-no exad-glass-effect-no elementor-widget elementor-widget-eael-cta-box\" data-id=\"7cc8686\" data-element_type=\"widget\" data-widget_type=\"eael-cta-box.default\">\n\t\t\t\t<div class=\"elementor-widget-container\">\n\t\t\t\t\t<div class=\"eael-call-to-action cta-basic bg-lite cta-preset-1\">\n        <h2 class=\"title\">Chcesz wiedzie\u0107 wi\u0119cej o Naszych dzia\u0142aniach?<\/h2><p><\/p><a href=\"https:\/\/warsztatwiedzy.pl\/index.php\/dzialania\/\" class=\"cta-button  \">KLIKNIJ TUTAJ<\/a>\t<\/div>\n\t\t\t\t\t\t<\/div>\n\t\t\t\t<\/div>\n\t\t\t\t\t<\/div>\n\t\t<\/div>\n\t\t\t\t\t\t\t<\/div>\n\t\t<\/section>\n\t\t\t\t\t\t\t<\/div>\n\t\t","protected":false},"excerpt":{"rendered":"<p>POMAGANIE JEST Fundacja &#8220;WARSZTAT WIEDZY&#8221; zosta\u0142a zarejestrowana w lipcu 2015 roku w rejestrze stowarzysze\u0144 KRS pod numerem 0000562166. G\u0142\u00f3wnym celem Fundacji jest pomoc dzieciom i m\u0142odzie\u017cy, wyr\u00f3wnywanie szans w dost\u0119pie do edukacji, wspieranie edukacji, nauki i kultury a tak\u017ce aktywizacja oraz walka z wykluczeniem spo\u0142ecznym i cyfrowym os\u00f3b starszych. Nasze dotychczasowe dzia\u0142ania oraz realizowane projekty&hellip;&nbsp;<a href=\"https:\/\/warsztatwiedzy.pl\/\" class=\"\" rel=\"bookmark\">Czytaj dalej &raquo;<span class=\"screen-reader-text\">Strona g\u0142\u00f3wna<\/span><\/a><\/p>\n","protected":false},"author":4,"featured_media":0,"parent":0,"menu_order":0,"comment_status":"closed","ping_status":"closed","template":"page-templates\/template-pagebuilder-full-width.php","meta":{"neve_meta_sidebar":"","neve_meta_container":"","neve_meta_enable_content_width":"on","neve_meta_content_width":100,"neve_meta_title_alignment":"","neve_meta_author_avatar":"","neve_post_elements_order":"","neve_meta_disable_header":"","neve_meta_disable_footer":"","neve_meta_disable_title":"on","footnotes":""},"class_list":["post-14","page","type-page","status-publish","hentry"],"_links":{"self":[{"href":"https:\/\/warsztatwiedzy.pl\/index.php\/wp-json\/wp\/v2\/pages\/14","targetHints":{"allow":["GET"]}}],"collection":[{"href":"https:\/\/warsztatwiedzy.pl\/index.php\/wp-json\/wp\/v2\/pages"}],"about":[{"href":"https:\/\/warsztatwiedzy.pl\/index.php\/wp-json\/wp\/v2\/types\/page"}],"author":[{"embeddable":true,"href":"https:\/\/warsztatwiedzy.pl\/index.php\/wp-json\/wp\/v2\/users\/4"}],"replies":[{"embeddable":true,"href":"https:\/\/warsztatwiedzy.pl\/index.php\/wp-json\/wp\/v2\/comments?post=14"}],"version-history":[{"count":91,"href":"https:\/\/warsztatwiedzy.pl\/index.php\/wp-json\/wp\/v2\/pages\/14\/revisions"}],"predecessor-version":[{"id":255,"href":"https:\/\/warsztatwiedzy.pl\/index.php\/wp-json\/wp\/v2\/pages\/14\/revisions\/255"}],"wp:attachment":[{"href":"https:\/\/warsztatwiedzy.pl\/index.php\/wp-json\/wp\/v2\/media?parent=14"}],"curies":[{"name":"wp","href":"https:\/\/api.w.org\/{rel}","templated":true}]}}